{"id":2964,"date":"2021-08-30T10:07:19","date_gmt":"2021-08-30T08:07:19","guid":{"rendered":"https:\/\/geoterm.atelierzidlicky.eu\/uvodna-stranka\/"},"modified":"2025-12-04T05:07:57","modified_gmt":"2025-12-04T04:07:57","slug":"uvodna-stranka","status":"publish","type":"page","link":"https:\/\/geoterm.atelierzidlicky.eu\/en\/","title":{"rendered":"\u00davodn\u00e1 str\u00e1nka"},"content":{"rendered":"<p>[et_pb_section fb_built=&#8221;1&#8243; admin_label=&#8221;section&#8221; _builder_version=&#8221;4.16&#8243; background_color=&#8221;#e2e5ee&#8221; background_image=&#8221;https:\/\/geoterm.atelierzidlicky.eu\/wp-content\/uploads\/2021\/08\/kosice-1.svg&#8221; background_position=&#8221;bottom_right&#8221; position_origin_a=&#8221;top_center&#8221; vertical_offset=&#8221;-118px&#8221; vertical_offset_tablet=&#8221;0px&#8221; vertical_offset_phone=&#8221;&#8221; vertical_offset_last_edited=&#8221;on|tablet&#8221; min_height_tablet=&#8221;&#8221; min_height_phone=&#8221;450px&#8221; min_height_last_edited=&#8221;on|phone&#8221; height=&#8221;80vh&#8221; height_tablet=&#8221;40vh&#8221; height_phone=&#8221;&#8221; height_last_edited=&#8221;on|phone&#8221; max_height=&#8221;900px&#8221; custom_margin=&#8221;0px|0px|0px|0px|true|true&#8221; custom_padding=&#8221;20px|0px|0px|0px|false|true&#8221; animation_direction=&#8221;bottom&#8221; global_colors_info=&#8221;{}&#8221;][et_pb_row use_custom_gutter=&#8221;on&#8221; gutter_width=&#8221;1&#8243; make_equal=&#8221;on&#8221; admin_label=&#8221;row&#8221; _builder_version=&#8221;4.16&#8243; background_color=&#8221;RGBA(0,0,0,0)&#8221; background_size=&#8221;initial&#8221; background_position=&#8221;top_left&#8221; background_repeat=&#8221;repeat&#8221; width=&#8221;100%&#8221; max_width=&#8221;1340px&#8221; module_alignment=&#8221;center&#8221; custom_margin=&#8221;0px|0px|0px|0px|false|false&#8221; custom_padding=&#8221;3%|0px|0px|60px|false|false&#8221; global_colors_info=&#8221;{}&#8221;][et_pb_column type=&#8221;4_4&#8243; _builder_version=&#8221;4.16&#8243; background_color=&#8221;RGBA(0,0,0,0)&#8221; custom_padding=&#8221;|||&#8221; global_colors_info=&#8221;{}&#8221; custom_padding__hover=&#8221;|||&#8221;][et_pb_text _builder_version=&#8221;4.27.4&#8243; _module_preset=&#8221;default&#8221; header_2_font=&#8221;|300|||||||&#8221; header_2_font_size=&#8221;80px&#8221; header_2_letter_spacing=&#8221;-0.03em&#8221; positioning=&#8221;absolute&#8221; z_index=&#8221;2&#8243; custom_margin=&#8221;15%||0px||false|false&#8221; custom_padding=&#8221;0px||0px||false|false&#8221; header_2_font_size_tablet=&#8221;60px&#8221; header_2_font_size_phone=&#8221;40px&#8221; header_2_font_size_last_edited=&#8221;on|phone&#8221; locked=&#8221;off&#8221; global_colors_info=&#8221;{}&#8221;]<\/p>\n<h2><span class=\"light\">Environmentally <\/span><br \/>\n<strong> friendly energy <\/strong><\/h2>\n<p>[\/et_pb_text][\/et_pb_column][\/et_pb_row][\/et_pb_section][et_pb_section fb_built=&#8221;1&#8243; _builder_version=&#8221;4.16&#8243; _module_preset=&#8221;default&#8221; custom_margin=&#8221;0px|0px|0px|0px|true|true&#8221; custom_padding=&#8221;0px|0px|0px|0px|true|true&#8221; global_colors_info=&#8221;{}&#8221;][et_pb_row column_structure=&#8221;1_2,1_2&#8243; use_custom_gutter=&#8221;on&#8221; gutter_width=&#8221;1&#8243; make_equal=&#8221;on&#8221; _builder_version=&#8221;4.16&#8243; _module_preset=&#8221;default&#8221; max_width=&#8221;1340px&#8221; module_alignment=&#8221;center&#8221; custom_margin=&#8221;0px|0px|0px|0px|false|false&#8221; custom_padding=&#8221;0px|0px|0px|0px|false|false&#8221; global_colors_info=&#8221;{}&#8221;][et_pb_column type=&#8221;1_2&#8243; admin_label=&#8221;Column&#8221; _builder_version=&#8221;4.16&#8243; _module_preset=&#8221;default&#8221; vertical_offset=&#8221;-150px&#8221; vertical_offset_tablet=&#8221;&#8221; vertical_offset_phone=&#8221;40px&#8221; vertical_offset_last_edited=&#8221;on|tablet&#8221; custom_padding=&#8221;0px|0px|0px|0px|false|false&#8221; scroll_vertical_motion_enable=&#8221;on&#8221; scroll_vertical_motion=&#8221;0|50|50|100|0|0|1&#8243; scroll_vertical_motion_tablet=&#8221;&#8221; scroll_vertical_motion_phone=&#8221;0|50|50|100|0|0|0&#8243; scroll_vertical_motion_last_edited=&#8221;on|phone&#8221; global_colors_info=&#8221;{}&#8221;][et_pb_text module_class=&#8221;blue-block text-bold&#8221; _builder_version=&#8221;4.27.4&#8243; _module_preset=&#8221;default&#8221; text_font=&#8221;|700|||||||&#8221; text_text_color=&#8221;#FFFFFF&#8221; text_font_size=&#8221;35px&#8221; text_line_height=&#8221;2em&#8221; header_2_text_color=&#8221;#FFFFFF&#8221; header_2_font_size=&#8221;1.12em&#8221; header_2_line_height=&#8221;1.25em&#8221; background_color=&#8221;#21429A&#8221; custom_margin=&#8221;-20px|0px|0px|0px|false|false&#8221; custom_margin_tablet=&#8221;80px||||false|false&#8221; custom_margin_phone=&#8221;0px||100px||false|false&#8221; custom_margin_last_edited=&#8221;on|phone&#8221; custom_padding=&#8221;80px|40px|80px|40px|true|true&#8221; custom_padding_tablet=&#8221;&#8221; custom_padding_phone=&#8221;40px|30px|40px|30px|true|true&#8221; custom_padding_last_edited=&#8221;on|tablet&#8221; animation_style=&#8221;fade&#8221; animation_direction=&#8221;bottom&#8221; animation_duration=&#8221;450ms&#8221; animation_speed_curve=&#8221;linear&#8221; text_font_size_tablet=&#8221;&#8221; text_font_size_phone=&#8221;25px&#8221; text_font_size_last_edited=&#8221;on|phone&#8221; global_colors_info=&#8221;{}&#8221; custom_margin__hover_enabled=&#8221;on|desktop&#8221; custom_margin__hover=&#8221;-20px|0px|0px|0px|false|false&#8221;]<\/p>\n<h2> The Ko\u0161ice Basin is one of the most important geothermal sites in Central Europe. <\/h2>\n<p>[\/et_pb_text][\/et_pb_column][et_pb_column type=&#8221;1_2&#8243; _builder_version=&#8221;4.16&#8243; _module_preset=&#8221;default&#8221; custom_padding=&#8221;0px||||false|false&#8221; scroll_vertical_motion_enable=&#8221;on&#8221; scroll_vertical_motion=&#8221;0|50|50|100|0.5|0|-0.25&#8243; global_colors_info=&#8221;{}&#8221;][et_pb_text module_class=&#8221;top-line-left text-bold&#8221; _builder_version=&#8221;4.27.4&#8243; _module_preset=&#8221;default&#8221; text_font=&#8221;||||||||&#8221; text_font_size=&#8221;18px&#8221; max_width=&#8221;440px&#8221; module_alignment=&#8221;center&#8221; custom_margin=&#8221;0px||0px||false|false&#8221; custom_padding=&#8221;0px||0px||false|false&#8221; animation_style=&#8221;slide&#8221; animation_direction=&#8221;bottom&#8221; animation_duration=&#8221;400ms&#8221; animation_delay=&#8221;0.5ms&#8221; animation_intensity_slide=&#8221;3%&#8221; global_colors_info=&#8221;{}&#8221; custom_margin__hover_enabled=&#8221;on|desktop&#8221; transform_styles__hover_enabled=&#8221;off|desktop&#8221; transform_scale__hover_enabled=&#8221;off|desktop&#8221; transform_translate__hover_enabled=&#8221;off|desktop&#8221; transform_rotate__hover_enabled=&#8221;off|desktop&#8221; transform_skew__hover_enabled=&#8221;off|desktop&#8221; transform_origin__hover_enabled=&#8221;off|desktop&#8221; custom_margin__hover=&#8221;0px||0px||false|false&#8221;]<\/p>\n<p>It is also the most promising area among the twenty-six identified geothermal regions in Slovakia suitable for energy utilization. In this region, Geoterm Ko\u0161ice, a.s. owns the most productive geothermal wells in the country.<\/p>\n<p>After the completion of the heat pipeline in 2026, the company will deliver clean energy to Tepl\u00e1re\u0148 Ko\u0161ice, a.s. (TEKO), which will subsequently distribute it through its own network and the network of Tepeln\u00e9 hospod\u00e1rstvo Ko\u0161ice, s.r.o. to seventy-eight thousand households in Slovakia\u2019s second largest city.<\/p>\n<p>[\/et_pb_text][\/et_pb_column][\/et_pb_row][\/et_pb_section][et_pb_section fb_built=&#8221;1&#8243; _builder_version=&#8221;4.16&#8243; _module_preset=&#8221;default&#8221; custom_margin=&#8221;0px|0px|0px|0px|true|true&#8221; custom_padding=&#8221;50px|0px|50px|0px|true|true&#8221; scroll_vertical_motion_enable=&#8221;on&#8221; scroll_vertical_motion=&#8221;0|50|50|100|0.5|0|-0.25&#8243; global_colors_info=&#8221;{}&#8221;][et_pb_row _builder_version=&#8221;4.16&#8243; _module_preset=&#8221;default&#8221; width=&#8221;100%&#8221; max_width=&#8221;440px&#8221; module_alignment=&#8221;center&#8221; custom_margin=&#8221;0px||0px||false|false&#8221; custom_padding=&#8221;0px||50px||false|false&#8221; animation_style=&#8221;slide&#8221; animation_direction=&#8221;bottom&#8221; animation_duration=&#8221;400ms&#8221; animation_delay=&#8221;0.5ms&#8221; animation_intensity_slide=&#8221;3%&#8221; global_colors_info=&#8221;{}&#8221;][et_pb_column type=&#8221;4_4&#8243; _builder_version=&#8221;4.16&#8243; _module_preset=&#8221;default&#8221; global_colors_info=&#8221;{}&#8221;][et_pb_text module_class=&#8221;bottom-line-center&#8221; _builder_version=&#8221;4.27.4&#8243; _module_preset=&#8221;default&#8221; text_font=&#8221;|600|||||||&#8221; text_font_size=&#8221;16px&#8221; text_line_height=&#8221;1.5em&#8221; header_2_font=&#8221;|600|||||||&#8221; header_2_text_align=&#8221;center&#8221; header_2_font_size=&#8221;36px&#8221; header_2_line_height=&#8221;1.2em&#8221; width=&#8221;100%&#8221; module_alignment=&#8221;center&#8221; custom_margin=&#8221;0px|0px|0px|0px|false|false&#8221; custom_padding=&#8221;50px|0px|0px|0px|false|false&#8221; global_colors_info=&#8221;{}&#8221;]<\/p>\n<h2> Energy from a local, domestic source <\/h2>\n<p>[\/et_pb_text][et_pb_text module_class=&#8221;text-bold&#8221; _builder_version=&#8221;4.27.4&#8243; _module_preset=&#8221;default&#8221; text_font=&#8221;||||||||&#8221; text_font_size=&#8221;18px&#8221; max_width=&#8221;440px&#8221; module_alignment=&#8221;center&#8221; custom_padding=&#8221;0px||||false|false&#8221; global_colors_info=&#8221;{}&#8221;]The company is currently preparing the drilling of three additional geothermal wells. These are expected to help the region with the highest industrial greenhouse gas emissions in Slovakia reduce its CO\u2082 output.[\/et_pb_text][et_pb_button button_url=&#8221;@ET-DC@eyJkeW5hbWljIjp0cnVlLCJjb250ZW50IjoicG9zdF9saW5rX3VybF9wYWdlIiwic2V0dGluZ3MiOnsicG9zdF9pZCI6IjEwIn19@&#8221; button_text=&#8221;Project Ko\u0161ice&#8221; button_alignment=&#8221;left&#8221; _builder_version=&#8221;4.27.4&#8243; _dynamic_attributes=&#8221;button_url&#8221; _module_preset=&#8221;default&#8221; custom_margin=&#8221;20px||||false|false&#8221; global_colors_info=&#8221;{}&#8221;][\/et_pb_button][\/et_pb_column][\/et_pb_row][\/et_pb_section][et_pb_section fb_built=&#8221;1&#8243; _builder_version=&#8221;4.16&#8243; _module_preset=&#8221;default&#8221; custom_margin=&#8221;0px|0px|0px|0px|true|true&#8221; custom_padding=&#8221;0px|0px|0px|0px|true|true&#8221; scroll_vertical_motion_enable=&#8221;on&#8221; scroll_vertical_motion=&#8221;0|50|50|100|1|0|-0.5&#8243; global_colors_info=&#8221;{}&#8221;][et_pb_row column_structure=&#8221;1_2,1_2&#8243; _builder_version=&#8221;4.16&#8243; _module_preset=&#8221;default&#8221; custom_margin=&#8221;0px||0px||false|false&#8221; custom_padding=&#8221;0px||50px||false|false&#8221; animation_style=&#8221;slide&#8221; animation_direction=&#8221;bottom&#8221; animation_duration=&#8221;400ms&#8221; animation_delay=&#8221;0.5ms&#8221; animation_intensity_slide=&#8221;3%&#8221; global_colors_info=&#8221;{}&#8221;][et_pb_column type=&#8221;1_2&#8243; _builder_version=&#8221;4.16&#8243; _module_preset=&#8221;default&#8221; global_colors_info=&#8221;{}&#8221;][et_pb_text _builder_version=&#8221;4.16&#8243; _module_preset=&#8221;default&#8221; text_font=&#8221;|600|||||||&#8221; text_font_size=&#8221;16px&#8221; text_line_height=&#8221;1.5em&#8221; header_2_font=&#8221;|300|||||||&#8221; header_2_text_align=&#8221;left&#8221; header_2_font_size=&#8221;62px&#8221; max_width=&#8221;400px&#8221; module_alignment=&#8221;center&#8221; custom_margin=&#8221;0px|0px|0px|0px|false|false&#8221; custom_padding=&#8221;50px|0px|0px|30px|false|false&#8221; global_colors_info=&#8221;{}&#8221;]<\/p>\n<h2><span>Geoterm<span><br \/><strong>Ko\u0161ice<\/strong><\/span><\/span><\/h2>\n<p>[\/et_pb_text][\/et_pb_column][et_pb_column type=&#8221;1_2&#8243; _builder_version=&#8221;4.16&#8243; _module_preset=&#8221;default&#8221; custom_padding=&#8221;0px||||false|false&#8221; global_colors_info=&#8221;{}&#8221;][et_pb_text _builder_version=&#8221;4.27.4&#8243; _module_preset=&#8221;default&#8221; text_font=&#8221;|600|||||||&#8221; text_font_size=&#8221;18px&#8221; text_line_height=&#8221;2em&#8221; module_alignment=&#8221;left&#8221; custom_padding=&#8221;7vh||1vh||false|false&#8221; custom_css_main_element=&#8221;line-height: 2em !important&#8221; global_colors_info=&#8221;{}&#8221;]\u2014 Environmentally clean energy<br \/>\n\u2014 Reduction of greenhouse gas emissions<br \/>\n\u2014 Stable energy source independent of weather conditions<br \/>\n\u2014 Energy from a local domestic source<br \/>\n\u2014 Price without unpredictable fluctuations<\/p>\n<p>&nbsp;[\/et_pb_text][et_pb_button button_url=&#8221;@ET-DC@eyJkeW5hbWljIjp0cnVlLCJjb250ZW50IjoicG9zdF9saW5rX3VybF9wYWdlIiwic2V0dGluZ3MiOnsicG9zdF9pZCI6IjEwIn19@&#8221; button_text=&#8221;Project Ko\u0161ice&#8221; button_alignment=&#8221;left&#8221; _builder_version=&#8221;4.27.4&#8243; _dynamic_attributes=&#8221;button_url&#8221; _module_preset=&#8221;default&#8221; custom_margin=&#8221;20px||||false|false&#8221; global_colors_info=&#8221;{}&#8221;][\/et_pb_button][\/et_pb_column][\/et_pb_row][et_pb_row _builder_version=&#8221;4.16&#8243; _module_preset=&#8221;default&#8221; custom_margin=&#8221;0px||0px||false|false&#8221; custom_padding=&#8221;0px||50px||false|false&#8221; animation_style=&#8221;slide&#8221; animation_direction=&#8221;bottom&#8221; animation_duration=&#8221;400ms&#8221; animation_delay=&#8221;0.5ms&#8221; animation_intensity_slide=&#8221;3%&#8221; global_colors_info=&#8221;{}&#8221;][et_pb_column type=&#8221;4_4&#8243; _builder_version=&#8221;4.16&#8243; _module_preset=&#8221;default&#8221; scroll_fade_enable=&#8221;on&#8221; scroll_fade=&#8221;0|50|50|100|50%|100|100&#8243; global_colors_info=&#8221;{}&#8221;][et_pb_image src=&#8221;https:\/\/geoterm.atelierzidlicky.eu\/wp-content\/uploads\/2025\/12\/Geoterm_akcionari.svg&#8221; title_text=&#8221;Geoterm_akcionari&#8221; align=&#8221;center&#8221; _builder_version=&#8221;4.27.4&#8243; _module_preset=&#8221;default&#8221; width=&#8221;650px&#8221; max_width=&#8221;650px&#8221; module_alignment=&#8221;center&#8221; min_height=&#8221;340px&#8221; custom_margin=&#8221;2vh||||false|false&#8221; global_colors_info=&#8221;{}&#8221;][\/et_pb_image][\/et_pb_column][\/et_pb_row][\/et_pb_section][et_pb_section fb_built=&#8221;1&#8243; _builder_version=&#8221;4.16&#8243; _module_preset=&#8221;default&#8221; custom_margin=&#8221;0px|0px|0px|0px|true|true&#8221; custom_padding=&#8221;0px|0px|0px|0px|true|true&#8221; global_colors_info=&#8221;{}&#8221;][et_pb_row _builder_version=&#8221;4.27.4&#8243; _module_preset=&#8221;default&#8221; global_colors_info=&#8221;{}&#8221;][et_pb_column type=&#8221;4_4&#8243; _builder_version=&#8221;4.27.4&#8243; _module_preset=&#8221;default&#8221; global_colors_info=&#8221;{}&#8221;][et_pb_image src=&#8221;https:\/\/geoterm.atelierzidlicky.eu\/wp-content\/uploads\/2025\/11\/EU-loga-na-web-1024&#215;342.png&#8221; title_text=&#8221;EU loga na web&#8221; url=&#8221;\/project_category\/cerpanie-nfp\/&#8221; _builder_version=&#8221;4.27.4&#8243; _module_preset=&#8221;default&#8221; width=&#8221;800px&#8221; module_alignment=&#8221;center&#8221; global_colors_info=&#8221;{}&#8221;][\/et_pb_image][\/et_pb_column][\/et_pb_row][et_pb_row column_structure=&#8221;1_2,1_2&#8243; use_custom_gutter=&#8221;on&#8221; gutter_width=&#8221;1.25&#8243; make_equal=&#8221;on&#8221; module_id=&#8221;link-boxes&#8221; _builder_version=&#8221;4.16&#8243; _module_preset=&#8221;default&#8221; width=&#8221;100%&#8221; max_width=&#8221;1364px&#8221; module_alignment=&#8221;center&#8221; custom_margin=&#8221;0px||0px||false|true&#8221; custom_padding=&#8221;0px|20px|0px|20px|false|true&#8221; global_colors_info=&#8221;{}&#8221;][et_pb_column type=&#8221;1_2&#8243; _builder_version=&#8221;4.16&#8243; _module_preset=&#8221;default&#8221; global_colors_info=&#8221;{}&#8221;][et_pb_text _builder_version=&#8221;4.27.4&#8243; _dynamic_attributes=&#8221;link_option_url&#8221; _module_preset=&#8221;default&#8221; text_font=&#8221;|600|||||||&#8221; text_text_color=&#8221;#313131&#8243; text_font_size=&#8221;16px&#8221; text_line_height=&#8221;1.5em&#8221; link_font=&#8221;|700|||||||&#8221; link_text_color=&#8221;#313131&#8243; link_font_size=&#8221;16px&#8221; link_letter_spacing=&#8221;1px&#8221; header_2_font=&#8221;||||||||&#8221; header_2_text_align=&#8221;left&#8221; header_2_text_color=&#8221;#313131&#8243; header_2_font_size=&#8221;34px&#8221; header_2_line_height=&#8221;1.13em&#8221; background_color=&#8221;#F2F2F2&#8243; module_alignment=&#8221;center&#8221; custom_margin=&#8221;2.5vw|0px|2.5vw|0px|true|false&#8221; custom_padding=&#8221;40px|50px|40px|50px|true|true&#8221; animation_style=&#8221;fade&#8221; animation_direction=&#8221;bottom&#8221; animation_duration=&#8221;450ms&#8221; animation_delay=&#8221;50ms&#8221; link_option_url=&#8221;@ET-DC@eyJkeW5hbWljIjp0cnVlLCJjb250ZW50IjoicG9zdF9saW5rX3VybF9wYWdlIiwic2V0dGluZ3MiOnsicG9zdF9pZCI6IjEzIn19@&#8221; border_width_bottom=&#8221;10px&#8221; border_color_bottom=&#8221;#ffb810&#8243; global_colors_info=&#8221;{}&#8221;]<\/p>\n<h2>Our Vision<br \/>\u00a0<\/h2>\n<p><a href=\"\/nase-vize\/\" style=\"display: block; text-align: right;\">More<\/a><\/p>\n<p>[\/et_pb_text][\/et_pb_column][et_pb_column type=&#8221;1_2&#8243; _builder_version=&#8221;4.16&#8243; _module_preset=&#8221;default&#8221; custom_padding=&#8221;0px|0px|0px|0px|true|true&#8221; global_colors_info=&#8221;{}&#8221;][et_pb_text module_class=&#8221;bottom-box-link&#8221; _builder_version=&#8221;4.27.4&#8243; _dynamic_attributes=&#8221;link_option_url&#8221; _module_preset=&#8221;default&#8221; text_font=&#8221;|600|||||||&#8221; text_text_color=&#8221;#313131&#8243; text_font_size=&#8221;16px&#8221; text_line_height=&#8221;1.5em&#8221; link_font=&#8221;|700|||||||&#8221; link_text_color=&#8221;#313131&#8243; link_font_size=&#8221;16px&#8221; link_letter_spacing=&#8221;1px&#8221; header_2_font=&#8221;||||||||&#8221; header_2_text_align=&#8221;left&#8221; header_2_text_color=&#8221;#313131&#8243; header_2_font_size=&#8221;34px&#8221; header_2_line_height=&#8221;1.13em&#8221; background_color=&#8221;#F2F2F2&#8243; module_alignment=&#8221;center&#8221; custom_margin=&#8221;2.5vw|0px|2.5vw|0px|true|false&#8221; custom_padding=&#8221;40px|50px|40px|50px|true|true&#8221; animation_style=&#8221;fade&#8221; animation_direction=&#8221;bottom&#8221; animation_duration=&#8221;450ms&#8221; animation_delay=&#8221;50ms&#8221; link_option_url=&#8221;@ET-DC@eyJkeW5hbWljIjp0cnVlLCJjb250ZW50IjoicG9zdF9saW5rX3VybF9wYWdlIiwic2V0dGluZ3MiOnsicG9zdF9pZCI6Ijg2MiJ9fQ==@&#8221; border_width_bottom=&#8221;10px&#8221; border_color_bottom=&#8221;#bce5f5&#8243; global_colors_info=&#8221;{}&#8221;]<\/p>\n<h2>Geothermal<br \/>in Slovakia<\/h2>\n<p><a href=\"https:\/\/geoterm.atelierzidlicky.eu\/en\/geothermal-energy-in-slovakia\/\" style=\"display: block; text-align: right;\">More<\/a><\/p>\n<p>[\/et_pb_text][\/et_pb_column][\/et_pb_row][\/et_pb_section]<\/p>\n","protected":false},"excerpt":{"rendered":"<p>Environmentally friendly energy The Ko\u0161ice Basin is one of the most important geothermal sites in Central Europe. It is also the most promising area among the twenty-six identified geothermal regions in Slovakia suitable for energy utilization. In this region, Geoterm Ko\u0161ice, a.s. owns the most productive geothermal wells in the country. After the completion of [&hellip;]<\/p>\n","protected":false},"author":5,"featured_media":0,"parent":0,"menu_order":1,"comment_status":"closed","ping_status":"closed","template":"","meta":{"_et_pb_use_builder":"on","_et_pb_old_content":"<!-- wp:paragraph -->\r\n<p>Pr\u00e1v\u011b si prohl\u00ed\u017e\u00edte uk\u00e1zkovou str\u00e1nku, kter\u00e1 byla vytvo\u0159ena automaticky b\u011bhem instalace WordPressu. Str\u00e1nky se li\u0161\u00ed od p\u0159\u00edsp\u011bvk\u016f zejm\u00e9na t\u00edm, \u017ee obsahuj\u00ed n\u011bjak\u00fd statick\u00fd text a jsou zobrazov\u00e1ny na st\u00e1le stejn\u00e9m m\u00edst\u011b webu (u v\u011bt\u0161iny \u0161ablon jde o naviga\u010dn\u00ed menu). Lid\u00e9 obvykle nejd\u0159\u00edve vytv\u00e1\u0159ej\u00ed z\u00e1kladn\u00ed informa\u010dn\u00ed str\u00e1nky, kde se p\u0159edstav\u00ed n\u00e1v\u0161t\u011bvn\u00edk\u016fm webu a sezn\u00e1m\u00ed je se sv\u00fdmi z\u00e1m\u011bry. M\u016f\u017ee to b\u00fdt nap\u0159. n\u011bco v n\u00e1sleduj\u00edc\u00edm stylu:<\/p>\r\n<!-- \/wp:paragraph -->\r\n\r\n<!-- wp:quote -->\r\n<blockquote class=\"wp-block-quote\"><p>Zdrav\u00edm! Jsem Josef a bydl\u00edm v Plzni. Pracuji jako \u0159idi\u010d autobusu a po noc\u00edch bloguji o, alespo\u0148 dle m\u00e9ho, zaj\u00edmav\u00fdch v\u011bcech...<\/p><\/blockquote>\r\n<!-- \/wp:quote -->\r\n\r\n<!-- wp:paragraph -->\r\n<p>...a nebo n\u011bco takov\u00e9ho:<\/p>\r\n<!-- \/wp:paragraph -->\r\n\r\n<!-- wp:quote -->\r\n<blockquote class=\"wp-block-quote\"><p>Spole\u010dnost XYZ byla zalo\u017eena v roce 1989 a ji\u017e od po\u010d\u00e1tku nab\u00edz\u00ed sv\u00fdm z\u00e1kazn\u00edk\u016fm vynikaj\u00edc\u00ed v\u00fdrobky pro kedsicosi. XYZ se soust\u0159ed\u00ed p\u0159edev\u0161\u00edm na kvalitu a detail za pou\u017eit\u00ed nejnov\u011bj\u0161\u00edch technologi\u00ed a se zaji\u0161t\u011bn\u00edm vysok\u00e9 \u017eivotnosti. Firma  s\u00eddl\u00ed v Kocourkov\u011b a zam\u011bstn\u00e1v\u00e1 v\u00edce ne\u017e 300 profesion\u00e1l\u016f ve r\u016fzn\u00fdch oblastech.<\/p><\/blockquote>\r\n<!-- \/wp:quote -->\r\n\r\n<!-- wp:paragraph -->\r\n<p>Pokud s WordPressem pr\u00e1v\u011b za\u010d\u00edn\u00e1te, m\u011bli byste se nejd\u0159\u00edve p\u0159ihl\u00e1sit do <a href=\"https:\/\/geoterm.atelierzidlicky.eu\/wp-admin\/\">administrace<\/a> a tuto str\u00e1nku smazat (nebo upravit). A nic u\u017e v\u00e1m tak\u00e9 nebr\u00e1n\u00ed vytv\u00e1\u0159et dal\u0161\u00ed obsah webu v podob\u011b nov\u00fdch str\u00e1nek a p\u0159\u00edsp\u011bvk\u016f. Douf\u00e1me, \u017ee budete se spr\u00e1vou webu v redak\u010dn\u00edm syst\u00e9mu WordPress spokojeni!<\/p>\r\n<!-- \/wp:paragraph -->","_et_gb_content_width":"","inline_featured_image":false,"footnotes":""},"class_list":["post-2964","page","type-page","status-publish","hentry"],"aioseo_notices":[],"_links":{"self":[{"href":"https:\/\/geoterm.atelierzidlicky.eu\/en\/wp-json\/wp\/v2\/pages\/2964","targetHints":{"allow":["GET"]}}],"collection":[{"href":"https:\/\/geoterm.atelierzidlicky.eu\/en\/wp-json\/wp\/v2\/pages"}],"about":[{"href":"https:\/\/geoterm.atelierzidlicky.eu\/en\/wp-json\/wp\/v2\/types\/page"}],"author":[{"embeddable":true,"href":"https:\/\/geoterm.atelierzidlicky.eu\/en\/wp-json\/wp\/v2\/users\/5"}],"replies":[{"embeddable":true,"href":"https:\/\/geoterm.atelierzidlicky.eu\/en\/wp-json\/wp\/v2\/comments?post=2964"}],"version-history":[{"count":11,"href":"https:\/\/geoterm.atelierzidlicky.eu\/en\/wp-json\/wp\/v2\/pages\/2964\/revisions"}],"predecessor-version":[{"id":3079,"href":"https:\/\/geoterm.atelierzidlicky.eu\/en\/wp-json\/wp\/v2\/pages\/2964\/revisions\/3079"}],"wp:attachment":[{"href":"https:\/\/geoterm.atelierzidlicky.eu\/en\/wp-json\/wp\/v2\/media?parent=2964"}],"curies":[{"name":"wp","href":"https:\/\/api.w.org\/{rel}","templated":true}]}}